{"id":14,"date":"2023-02-02T03:21:43","date_gmt":"2023-02-02T03:21:43","guid":{"rendered":"https:\/\/ferienhaus-am-hundestrand.de\/?page_id=14"},"modified":"2025-06-15T13:27:20","modified_gmt":"2025-06-15T13:27:20","slug":"unsere-mietpreise-fuer-sie","status":"publish","type":"page","link":"https:\/\/ferienhaus-am-hundestrand.de\/?page_id=14","title":{"rendered":"unsere Mietpreise f\u00fcr Sie"},"content":{"rendered":"<p>Unsere Saisonpreise gelten f\u00fcr 2 Personen. Die Bettw\u00e4sche, Handt\u00fccher und Endreinigung sind im Preis enthalten. Ihr Hund urlaubt nat\u00fcrlich kostenfrei mit.<\/p>\n<table style=\"border-collapse: collapse; width: 100%;\">\n<tbody>\n<tr>\n<td style=\"width: 24.8148%;\" width=\"120\">Sommer<\/td>\n<td style=\"width: 41.9753%;\" width=\"204\">14.06.2025 &#8211; 06.09.2025<\/td>\n<td style=\"width: 16.5432%;\" width=\"80\">7<\/td>\n<td style=\"width: 16.5432%;\" width=\"80\">1.330,00 \u20ac<\/td>\n<\/tr>\n<tr>\n<td style=\"width: 24.8148%;\">Sp\u00e4tsommer<\/td>\n<td style=\"width: 41.9753%;\">06.09.2025 &#8211; 13.09.2025<\/td>\n<td style=\"width: 16.5432%;\">7<\/td>\n<td style=\"width: 16.5432%;\">1.220,00 \u20ac<\/td>\n<\/tr>\n<tr>\n<td style=\"width: 24.8148%;\">Fr\u00fchherbst<\/td>\n<td style=\"width: 41.9753%;\">13.09.2025 &#8211; 27.09.2025<\/td>\n<td style=\"width: 16.5432%;\">7<\/td>\n<td style=\"width: 16.5432%;\">1.120,00 \u20ac<\/td>\n<\/tr>\n<tr>\n<td style=\"width: 24.8148%;\">Herbst<\/td>\n<td style=\"width: 41.9753%;\">27.09.2025 &#8211; 18.10.2025<\/td>\n<td style=\"width: 16.5432%;\">7<\/td>\n<td style=\"width: 16.5432%;\">990,00 \u20ac<\/td>\n<\/tr>\n<tr>\n<td style=\"width: 24.8148%;\">Sp\u00e4therbst<\/td>\n<td style=\"width: 41.9753%;\">18.10.2025 &#8211; 01.11.2025<\/td>\n<td style=\"width: 16.5432%;\">7<\/td>\n<td style=\"width: 16.5432%;\">890,00 \u20ac<\/td>\n<\/tr>\n<tr>\n<td style=\"width: 24.8148%;\">Sp\u00e4therbst<\/td>\n<td style=\"width: 41.9753%;\">01.11.2025 &#8211; 23.12.2025<\/td>\n<td style=\"width: 16.5432%;\">7<\/td>\n<td style=\"width: 16.5432%;\">800,00 \u20ac<\/td>\n<\/tr>\n<tr>\n<td style=\"width: 24.8148%;\">Silvester<\/td>\n<td style=\"width: 41.9753%;\">23.12.2025 &#8211; 03.01.2026<\/td>\n<td style=\"width: 16.5432%;\">7<\/td>\n<td style=\"width: 16.5432%;\">1.170,00 \u20ac<\/td>\n<\/tr>\n<tr>\n<td style=\"width: 24.8148%;\">Winter<\/td>\n<td style=\"width: 41.9753%;\">03.01.2026 &#8211; 14.03.2026<\/td>\n<td style=\"width: 16.5432%;\">7<\/td>\n<td style=\"width: 16.5432%;\">800,00 \u20ac<\/td>\n<\/tr>\n<tr>\n<td style=\"width: 24.8148%;\">Fr\u00fchjahr<\/td>\n<td style=\"width: 41.9753%;\">14.03.2026 &#8211; 28.03.2026<\/td>\n<td style=\"width: 16.5432%;\">7<\/td>\n<td style=\"width: 16.5432%;\">890,00 \u20ac<\/td>\n<\/tr>\n<tr>\n<td style=\"width: 24.8148%;\">Fr\u00fchjahr<\/td>\n<td style=\"width: 41.9753%;\">28.03.2026 &#8211; 02.05.2026<\/td>\n<td style=\"width: 16.5432%;\">7<\/td>\n<td style=\"width: 16.5432%;\">990,00 \u20ac<\/td>\n<\/tr>\n<tr>\n<td style=\"width: 24.8148%;\">Fr\u00fchjahr<\/td>\n<td style=\"width: 41.9753%;\">02.05.2026 &#8211; 30.05.2026<\/td>\n<td style=\"width: 16.5432%;\">7<\/td>\n<td style=\"width: 16.5432%;\">1.120,00 \u20ac<\/td>\n<\/tr>\n<tr>\n<td style=\"width: 24.8148%;\">Fr\u00fchsommer<\/td>\n<td style=\"width: 41.9753%;\">30.05.2026 &#8211; 13.06.2026<\/td>\n<td style=\"width: 16.5432%;\">7<\/td>\n<td style=\"width: 16.5432%;\">1.220,00 \u20ac<\/td>\n<\/tr>\n<tr>\n<td style=\"width: 24.8148%;\">Sommer<\/td>\n<td style=\"width: 41.9753%;\">13.06.2026 &#8211; 05.09.2026<\/td>\n<td style=\"width: 16.5432%;\">7<\/td>\n<td style=\"width: 16.5432%;\">1.330,00 \u20ac<\/td>\n<\/tr>\n<tr>\n<td style=\"width: 24.8148%;\">Sp\u00e4tsommer<\/td>\n<td style=\"width: 41.9753%;\">05.09.2026 &#8211; 12.09.2026<\/td>\n<td style=\"width: 16.5432%;\">7<\/td>\n<td style=\"width: 16.5432%;\">1.220,00 \u20ac<\/td>\n<\/tr>\n<tr>\n<td style=\"width: 24.8148%;\">Fr\u00fchherbst<\/td>\n<td style=\"width: 41.9753%;\">12.09.2026 &#8211; 26.09.2026<\/td>\n<td style=\"width: 16.5432%;\">7<\/td>\n<td style=\"width: 16.5432%;\">1.120,00 \u20ac<\/td>\n<\/tr>\n<tr>\n<td style=\"width: 24.8148%;\">Herbst<\/td>\n<td style=\"width: 41.9753%;\">26.09.2026 &#8211; 17.10.2026<\/td>\n<td style=\"width: 16.5432%;\">7<\/td>\n<td style=\"width: 16.5432%;\">990,00 \u20ac<\/td>\n<\/tr>\n<tr>\n<td style=\"width: 24.8148%;\">Sp\u00e4therbst<\/td>\n<td style=\"width: 41.9753%;\">17.10.2026 &#8211; 31.10.2026<\/td>\n<td style=\"width: 16.5432%;\">7<\/td>\n<td style=\"width: 16.5432%;\">890,00 \u20ac<\/td>\n<\/tr>\n<tr>\n<td style=\"width: 24.8148%;\">Sp\u00e4therbst<\/td>\n<td style=\"width: 41.9753%;\">31.10.2026 &#8211; 23.12.2026<\/td>\n<td style=\"width: 16.5432%;\">7<\/td>\n<td style=\"width: 16.5432%;\">800,00 \u20ac<\/td>\n<\/tr>\n<tr>\n<td style=\"width: 24.8148%;\">Silvester<\/td>\n<td style=\"width: 41.9753%;\">23.12.2026 &#8211; 02.01.2027<\/td>\n<td style=\"width: 16.5432%;\">7<\/td>\n<td style=\"width: 16.5432%;\">1.170,00 \u20ac<\/td>\n<\/tr>\n<\/tbody>\n<\/table>\n<table style=\"width: 32%; border-collapse: collapse; border-style: ridge; border-color: #465278; background-color: #9fc7f5;\">\n<tbody>\n<tr>\n<td style=\"width: 100%; text-align: center;\"><span style=\"text-decoration: underline; color: #000000;\"><a style=\"color: #000000; text-decoration: underline;\" href=\"https:\/\/ferienhaus-am-hundestrand.de\/?page_id=53\">Stornierungsbedingungen<\/a><\/span><\/td>\n<\/tr>\n<\/tbody>\n<\/table>\n<p>&nbsp;<\/p>\n<table style=\"width: 21.3755%; border-collapse: collapse; border-style: ridge; border-color: #465278; background-color: #9fc7f5;\">\n<tbody>\n<tr>\n<td style=\"width: 100%; text-align: center;\"><span style=\"text-decoration: underline;\"><span style=\"color: #000000;\"><a style=\"color: #000000; text-decoration: underline;\" href=\"http:\/\/ferienhaus-am-hundestrand.de\">zur\u00fcck zur Startseite<\/a><\/span><\/span><\/td>\n<\/tr>\n<\/tbody>\n<\/table>\n<p>&nbsp;<\/p>\n","protected":false},"excerpt":{"rendered":"<p class=\"post-excerpt\">Unsere Saisonpreise gelten f\u00fcr 2 Personen. Die Bettw\u00e4sche, Handt\u00fccher und Endreinigung sind im Preis enthalten. Ihr Hund urlaubt nat\u00fcrlich kostenfrei&#8230;<\/p>\n","protected":false},"author":1,"featured_media":0,"parent":0,"menu_order":0,"comment_status":"closed","ping_status":"closed","template":"","meta":{"footnotes":""},"class_list":["post-14","page","type-page","status-publish","hentry"],"_links":{"self":[{"href":"https:\/\/ferienhaus-am-hundestrand.de\/index.php?rest_route=\/wp\/v2\/pages\/14","targetHints":{"allow":["GET"]}}],"collection":[{"href":"https:\/\/ferienhaus-am-hundestrand.de\/index.php?rest_route=\/wp\/v2\/pages"}],"about":[{"href":"https:\/\/ferienhaus-am-hundestrand.de\/index.php?rest_route=\/wp\/v2\/types\/page"}],"author":[{"embeddable":true,"href":"https:\/\/ferienhaus-am-hundestrand.de\/index.php?rest_route=\/wp\/v2\/users\/1"}],"replies":[{"embeddable":true,"href":"https:\/\/ferienhaus-am-hundestrand.de\/index.php?rest_route=%2Fwp%2Fv2%2Fcomments&post=14"}],"version-history":[{"count":16,"href":"https:\/\/ferienhaus-am-hundestrand.de\/index.php?rest_route=\/wp\/v2\/pages\/14\/revisions"}],"predecessor-version":[{"id":3155,"href":"https:\/\/ferienhaus-am-hundestrand.de\/index.php?rest_route=\/wp\/v2\/pages\/14\/revisions\/3155"}],"wp:attachment":[{"href":"https:\/\/ferienhaus-am-hundestrand.de\/index.php?rest_route=%2Fwp%2Fv2%2Fmedia&parent=14"}],"curies":[{"name":"wp","href":"https:\/\/api.w.org\/{rel}","templated":true}]}}