{"id":7,"date":"2023-02-02T03:17:27","date_gmt":"2023-02-02T03:17:27","guid":{"rendered":"https:\/\/ferienhaus-am-hundestrand.de\/?page_id=7"},"modified":"2026-03-22T18:03:17","modified_gmt":"2026-03-22T18:03:17","slug":"willkommen","status":"publish","type":"page","link":"https:\/\/ferienhaus-am-hundestrand.de\/","title":{"rendered":"Ihr Strandurlaub mit Hund"},"content":{"rendered":"<p><img loading=\"lazy\" decoding=\"async\" class=\"alignnone wp-image-64\" src=\"https:\/\/ferienhaus-am-hundestrand.de\/wp-content\/uploads\/2023\/02\/41-300x225.jpg\" alt=\"\" width=\"1024\" height=\"768\" srcset=\"https:\/\/ferienhaus-am-hundestrand.de\/wp-content\/uploads\/2023\/02\/41-300x225.jpg 300w, https:\/\/ferienhaus-am-hundestrand.de\/wp-content\/uploads\/2023\/02\/41-1024x768.jpg 1024w, https:\/\/ferienhaus-am-hundestrand.de\/wp-content\/uploads\/2023\/02\/41-768x576.jpg 768w, https:\/\/ferienhaus-am-hundestrand.de\/wp-content\/uploads\/2023\/02\/41-1536x1152.jpg 1536w, https:\/\/ferienhaus-am-hundestrand.de\/wp-content\/uploads\/2023\/02\/41-1140x855.jpg 1140w, https:\/\/ferienhaus-am-hundestrand.de\/wp-content\/uploads\/2023\/02\/41.jpg 2048w\" sizes=\"auto, (max-width: 1024px) 100vw, 1024px\" \/><\/p>\n<table style=\"width: 100%; border-collapse: collapse;\">\n<tbody>\n<tr>\n<td style=\"width: 100%;\">\n<p style=\"text-align: center;\" align=\"center\"><span style=\"font-family: comic sans ms, sans-serif; font-size: 18pt; color: #0000ff;\"><strong><i>Kurzfristig frei geworden:<\/i><\/strong><\/span><\/p>\n<p style=\"text-align: center;\" align=\"center\"><span style=\"font-family: comic sans ms, sans-serif; font-size: 18pt; color: #0000ff;\"><strong><i>\u00a005<\/i><i>.04<\/i><i>.-12<\/i><i>.04<\/i><i>.202<\/i><i>6 f\u00fcr 790,-\u20ac<\/i><\/strong><\/span><\/p>\n<\/td>\n<\/tr>\n<\/tbody>\n<\/table>\n<p><strong>Nur ca. 300 m vom feinsandigen Hundebadestrand und\u00a0 10 km langen Naturstrand entfernt liegt unser Ferienhaus Enna.<\/strong><\/p>\n<p><strong>Der kleine Garten ist selbstverst\u00e4ndlich ausbruchsicher eingez\u00e4unt.<br \/>\nIhre Fellnase ist bei uns willkommen und urlaubt kostenfrei mit.<\/strong><\/p>\n<p>In unserem Ferienhaus sind <strong>2 Erwachsene und 1-2 Hunde willkommen.<\/strong><\/p>\n<p>Weitere Aufbettungen sind leider nicht m\u00f6glich.<\/p>\n<p><b><u>Unser Service f\u00fcr Sie<\/u><\/b><\/p>\n<ul>\n<li><b>selbstverst\u00e4ndlich ist das W\u00e4schepaket und die Handt\u00fccher im Mietpreis enthalten und die Betten sind bei Ihrer Ankunft schon bezogen<\/b><\/li>\n<li><b>Ihr Hund genie\u00dft den Urlaub im sicher umz\u00e4unten Garten mit einer Mindesth\u00f6he von 1,7 Meter<\/b><\/li>\n<li><b>in unseren Hundebetten von Manufaktur wird auch Ihr Hund zum Langschl\u00e4fer<\/b><\/li>\n<li><b>sehr gern sind wir auch nach Ihrer Buchung \/ Anreise Ihr Ansprechpartner pers\u00f6nlich vor Ort<\/b><\/li>\n<li><b>selbstverst\u00e4ndlich WLAN in allen R\u00e4umen<\/b><\/li>\n<li><b>f\u00fcr ihren Pkw einen eigenen Stellplatz vor Ihrer Eingangst\u00fcr<\/b><\/li>\n<\/ul>\n<p><img loading=\"lazy\" decoding=\"async\" class=\"alignnone wp-image-70 size-full\" src=\"https:\/\/ferienhaus-am-hundestrand.de\/wp-content\/uploads\/2023\/02\/58.jpg\" alt=\"\" width=\"1024\" height=\"768\" srcset=\"https:\/\/ferienhaus-am-hundestrand.de\/wp-content\/uploads\/2023\/02\/58.jpg 1024w, https:\/\/ferienhaus-am-hundestrand.de\/wp-content\/uploads\/2023\/02\/58-300x225.jpg 300w, https:\/\/ferienhaus-am-hundestrand.de\/wp-content\/uploads\/2023\/02\/58-768x576.jpg 768w\" sizes=\"auto, (max-width: 1024px) 100vw, 1024px\" \/><\/p>\n<p><img loading=\"lazy\" decoding=\"async\" class=\"alignnone wp-image-69 size-full\" src=\"https:\/\/ferienhaus-am-hundestrand.de\/wp-content\/uploads\/2023\/02\/59.jpg\" alt=\"\" width=\"1024\" height=\"768\" srcset=\"https:\/\/ferienhaus-am-hundestrand.de\/wp-content\/uploads\/2023\/02\/59.jpg 1024w, https:\/\/ferienhaus-am-hundestrand.de\/wp-content\/uploads\/2023\/02\/59-300x225.jpg 300w, https:\/\/ferienhaus-am-hundestrand.de\/wp-content\/uploads\/2023\/02\/59-768x576.jpg 768w\" sizes=\"auto, (max-width: 1024px) 100vw, 1024px\" \/><\/p>\n<p><img loading=\"lazy\" decoding=\"async\" class=\"alignnone wp-image-68 size-full\" src=\"https:\/\/ferienhaus-am-hundestrand.de\/wp-content\/uploads\/2023\/02\/60.jpg\" alt=\"\" width=\"1024\" height=\"851\" srcset=\"https:\/\/ferienhaus-am-hundestrand.de\/wp-content\/uploads\/2023\/02\/60.jpg 1024w, https:\/\/ferienhaus-am-hundestrand.de\/wp-content\/uploads\/2023\/02\/60-300x249.jpg 300w, https:\/\/ferienhaus-am-hundestrand.de\/wp-content\/uploads\/2023\/02\/60-768x638.jpg 768w\" sizes=\"auto, (max-width: 1024px) 100vw, 1024px\" \/><\/p>\n<p><img loading=\"lazy\" decoding=\"async\" class=\"alignnone wp-image-66\" src=\"https:\/\/ferienhaus-am-hundestrand.de\/wp-content\/uploads\/2023\/02\/35-300x232.jpg\" alt=\"\" width=\"1024\" height=\"790\" srcset=\"https:\/\/ferienhaus-am-hundestrand.de\/wp-content\/uploads\/2023\/02\/35-300x232.jpg 300w, https:\/\/ferienhaus-am-hundestrand.de\/wp-content\/uploads\/2023\/02\/35-768x593.jpg 768w, https:\/\/ferienhaus-am-hundestrand.de\/wp-content\/uploads\/2023\/02\/35.jpg 999w\" sizes=\"auto, (max-width: 1024px) 100vw, 1024px\" \/><\/p>\n<p><img loading=\"lazy\" decoding=\"async\" class=\"alignnone wp-image-73\" src=\"https:\/\/ferienhaus-am-hundestrand.de\/wp-content\/uploads\/2023\/02\/57-225x300.jpg\" alt=\"\" width=\"1028\" height=\"1371\" srcset=\"https:\/\/ferienhaus-am-hundestrand.de\/wp-content\/uploads\/2023\/02\/57-225x300.jpg 225w, https:\/\/ferienhaus-am-hundestrand.de\/wp-content\/uploads\/2023\/02\/57.jpg 768w\" sizes=\"auto, (max-width: 1028px) 100vw, 1028px\" \/><\/p>\n<p><img loading=\"lazy\" decoding=\"async\" class=\"alignnone wp-image-80\" src=\"https:\/\/ferienhaus-am-hundestrand.de\/wp-content\/uploads\/2023\/02\/26-225x300.jpg\" alt=\"\" width=\"1028\" height=\"1371\" srcset=\"https:\/\/ferienhaus-am-hundestrand.de\/wp-content\/uploads\/2023\/02\/26-225x300.jpg 225w, https:\/\/ferienhaus-am-hundestrand.de\/wp-content\/uploads\/2023\/02\/26-768x1024.jpg 768w, https:\/\/ferienhaus-am-hundestrand.de\/wp-content\/uploads\/2023\/02\/26-1152x1536.jpg 1152w, https:\/\/ferienhaus-am-hundestrand.de\/wp-content\/uploads\/2023\/02\/26-1140x1520.jpg 1140w, https:\/\/ferienhaus-am-hundestrand.de\/wp-content\/uploads\/2023\/02\/26.jpg 1536w\" sizes=\"auto, (max-width: 1028px) 100vw, 1028px\" \/><\/p>\n<p><img loading=\"lazy\" decoding=\"async\" class=\"alignnone wp-image-77 size-full\" src=\"https:\/\/ferienhaus-am-hundestrand.de\/wp-content\/uploads\/2023\/02\/54.jpg\" alt=\"\" width=\"1024\" height=\"768\" srcset=\"https:\/\/ferienhaus-am-hundestrand.de\/wp-content\/uploads\/2023\/02\/54.jpg 1024w, https:\/\/ferienhaus-am-hundestrand.de\/wp-content\/uploads\/2023\/02\/54-300x225.jpg 300w, https:\/\/ferienhaus-am-hundestrand.de\/wp-content\/uploads\/2023\/02\/54-768x576.jpg 768w\" sizes=\"auto, (max-width: 1024px) 100vw, 1024px\" \/><\/p>\n<p><img loading=\"lazy\" decoding=\"async\" class=\"alignnone wp-image-74 size-full\" src=\"https:\/\/ferienhaus-am-hundestrand.de\/wp-content\/uploads\/2023\/02\/51.jpg\" alt=\"\" width=\"1024\" height=\"768\" srcset=\"https:\/\/ferienhaus-am-hundestrand.de\/wp-content\/uploads\/2023\/02\/51.jpg 1024w, https:\/\/ferienhaus-am-hundestrand.de\/wp-content\/uploads\/2023\/02\/51-300x225.jpg 300w, https:\/\/ferienhaus-am-hundestrand.de\/wp-content\/uploads\/2023\/02\/51-768x576.jpg 768w\" sizes=\"auto, (max-width: 1024px) 100vw, 1024px\" \/><\/p>\n<p><img loading=\"lazy\" decoding=\"async\" class=\"alignnone wp-image-75 size-full\" src=\"https:\/\/ferienhaus-am-hundestrand.de\/wp-content\/uploads\/2023\/02\/52.jpg\" alt=\"\" width=\"1024\" height=\"895\" srcset=\"https:\/\/ferienhaus-am-hundestrand.de\/wp-content\/uploads\/2023\/02\/52.jpg 1024w, https:\/\/ferienhaus-am-hundestrand.de\/wp-content\/uploads\/2023\/02\/52-300x262.jpg 300w, https:\/\/ferienhaus-am-hundestrand.de\/wp-content\/uploads\/2023\/02\/52-768x671.jpg 768w\" sizes=\"auto, (max-width: 1024px) 100vw, 1024px\" \/><\/p>\n<p><img loading=\"lazy\" decoding=\"async\" class=\"alignnone wp-image-76 size-full\" src=\"https:\/\/ferienhaus-am-hundestrand.de\/wp-content\/uploads\/2023\/02\/53.jpg\" alt=\"\" width=\"1024\" height=\"836\" srcset=\"https:\/\/ferienhaus-am-hundestrand.de\/wp-content\/uploads\/2023\/02\/53.jpg 1024w, https:\/\/ferienhaus-am-hundestrand.de\/wp-content\/uploads\/2023\/02\/53-300x245.jpg 300w, https:\/\/ferienhaus-am-hundestrand.de\/wp-content\/uploads\/2023\/02\/53-768x627.jpg 768w\" sizes=\"auto, (max-width: 1024px) 100vw, 1024px\" \/><\/p>\n<p><img loading=\"lazy\" decoding=\"async\" class=\"alignnone wp-image-71 size-full\" src=\"https:\/\/ferienhaus-am-hundestrand.de\/wp-content\/uploads\/2023\/02\/55.jpg\" alt=\"\" width=\"1024\" height=\"791\" srcset=\"https:\/\/ferienhaus-am-hundestrand.de\/wp-content\/uploads\/2023\/02\/55.jpg 1024w, https:\/\/ferienhaus-am-hundestrand.de\/wp-content\/uploads\/2023\/02\/55-300x232.jpg 300w, https:\/\/ferienhaus-am-hundestrand.de\/wp-content\/uploads\/2023\/02\/55-768x593.jpg 768w\" sizes=\"auto, (max-width: 1024px) 100vw, 1024px\" \/><\/p>\n<p><img loading=\"lazy\" decoding=\"async\" class=\"alignnone wp-image-113\" src=\"https:\/\/ferienhaus-am-hundestrand.de\/wp-content\/uploads\/2023\/02\/17-300x225.jpg\" alt=\"\" width=\"1024\" height=\"768\" srcset=\"https:\/\/ferienhaus-am-hundestrand.de\/wp-content\/uploads\/2023\/02\/17-300x225.jpg 300w, https:\/\/ferienhaus-am-hundestrand.de\/wp-content\/uploads\/2023\/02\/17-1024x768.jpg 1024w, https:\/\/ferienhaus-am-hundestrand.de\/wp-content\/uploads\/2023\/02\/17-768x576.jpg 768w, https:\/\/ferienhaus-am-hundestrand.de\/wp-content\/uploads\/2023\/02\/17-1536x1152.jpg 1536w, https:\/\/ferienhaus-am-hundestrand.de\/wp-content\/uploads\/2023\/02\/17-1140x855.jpg 1140w, https:\/\/ferienhaus-am-hundestrand.de\/wp-content\/uploads\/2023\/02\/17.jpg 2048w\" sizes=\"auto, (max-width: 1024px) 100vw, 1024px\" \/><\/p>\n<p><iframe style=\"width: 270px; height: 410px; border: 0px;\" src=\"https:\/\/login.fewo-touristik.de\/kalender?ref_id=12508&amp;bg=fffff\"><\/iframe><br \/>\nWir freuen uns\u00a0 auf Ihren Besuch bei uns in Glowe!<\/p>\n<p>Ihre Familie Wegener<\/p>\n<p>Wittower Heide 28 \u00a0 18551 Glowe<\/p>\n<table style=\"width: 40%; border-collapse: collapse; border-style: solid; border-color: #2733b8; background-color: #9fc7f5;\">\n<tbody>\n<tr>\n<td style=\"width: 100%; text-align: center;\"><span style=\"color: #0000ff;\"><strong><span style=\"text-decoration: underline;\"><a style=\"color: #0000ff; text-decoration: underline;\" href=\"https:\/\/ferienhaus-am-hundestrand.de\/?page_id=16\">weiter zur Buchungsanfrage<\/a><\/span><\/strong><\/span><\/td>\n<\/tr>\n<\/tbody>\n<\/table>\n<p>Ihre Buchungsanfrage wird pers\u00f6nlich von uns beantwortet.<\/p>\n<p>&nbsp;<\/p>\n<p><a href=\"https:\/\/ferien-am-hundestrand.de\/\"><img loading=\"lazy\" decoding=\"async\" class=\"size-medium wp-image-98 alignleft\" src=\"https:\/\/ferienhaus-am-hundestrand.de\/wp-content\/uploads\/2023\/02\/Garten-Strassenansicht-300x225.jpg\" alt=\"\" width=\"300\" height=\"225\" srcset=\"https:\/\/ferienhaus-am-hundestrand.de\/wp-content\/uploads\/2023\/02\/Garten-Strassenansicht-300x225.jpg 300w, https:\/\/ferienhaus-am-hundestrand.de\/wp-content\/uploads\/2023\/02\/Garten-Strassenansicht-1024x768.jpg 1024w, https:\/\/ferienhaus-am-hundestrand.de\/wp-content\/uploads\/2023\/02\/Garten-Strassenansicht-768x576.jpg 768w, https:\/\/ferienhaus-am-hundestrand.de\/wp-content\/uploads\/2023\/02\/Garten-Strassenansicht-1536x1152.jpg 1536w, https:\/\/ferienhaus-am-hundestrand.de\/wp-content\/uploads\/2023\/02\/Garten-Strassenansicht-1140x855.jpg 1140w, https:\/\/ferienhaus-am-hundestrand.de\/wp-content\/uploads\/2023\/02\/Garten-Strassenansicht.jpg 1600w\" sizes=\"auto, (max-width: 300px) 100vw, 300px\" \/><\/a><\/p>\n<table style=\"width: 12.0663%; border-collapse: collapse; border-style: ridge; border-color: #465278; background-color: #3ea9c7;\">\n<tbody>\n<tr>\n<td style=\"width: 100%;\">\n<p style=\"text-align: center;\"><span style=\"color: #000000;\"><a style=\"color: #000000;\" href=\"https:\/\/ferien-am-hundestrand.de\/\">unsere weiteren Ferienh\u00e4user f\u00fcr Sie<\/a><\/span><\/p>\n<\/td>\n<\/tr>\n<\/tbody>\n<\/table>\n<p>&nbsp;<\/p>\n<p>&nbsp;<\/p>\n<p style=\"text-align: left;\">F\u00fcr weitere Fragen erreichen Sie uns jederzeit telefonisch oder \u00fcber WhatsApp unter: 0172-361 77 84<br \/>\neMail-Adresse: <a href=\"mailto:ferienhaus.am.hundestrand@gmail.com\">ferienhaus.am.hundestrand@gmail.com<\/a><\/p>\n","protected":false},"excerpt":{"rendered":"<p class=\"post-excerpt\">Kurzfristig frei geworden: \u00a005.04.-12.04.2026 f\u00fcr 790,-\u20ac Nur ca. 300 m vom feinsandigen Hundebadestrand und\u00a0 10 km langen Naturstrand entfernt liegt&#8230;<\/p>\n","protected":false},"author":1,"featured_media":32,"parent":0,"menu_order":0,"comment_status":"closed","ping_status":"closed","template":"","meta":{"footnotes":""},"class_list":["post-7","page","type-page","status-publish","has-post-thumbnail","hentry"],"_links":{"self":[{"href":"https:\/\/ferienhaus-am-hundestrand.de\/index.php?rest_route=\/wp\/v2\/pages\/7","targetHints":{"allow":["GET"]}}],"collection":[{"href":"https:\/\/ferienhaus-am-hundestrand.de\/index.php?rest_route=\/wp\/v2\/pages"}],"about":[{"href":"https:\/\/ferienhaus-am-hundestrand.de\/index.php?rest_route=\/wp\/v2\/types\/page"}],"author":[{"embeddable":true,"href":"https:\/\/ferienhaus-am-hundestrand.de\/index.php?rest_route=\/wp\/v2\/users\/1"}],"replies":[{"embeddable":true,"href":"https:\/\/ferienhaus-am-hundestrand.de\/index.php?rest_route=%2Fwp%2Fv2%2Fcomments&post=7"}],"version-history":[{"count":39,"href":"https:\/\/ferienhaus-am-hundestrand.de\/index.php?rest_route=\/wp\/v2\/pages\/7\/revisions"}],"predecessor-version":[{"id":2876,"href":"https:\/\/ferienhaus-am-hundestrand.de\/index.php?rest_route=\/wp\/v2\/pages\/7\/revisions\/2876"}],"wp:featuredmedia":[{"embeddable":true,"href":"https:\/\/ferienhaus-am-hundestrand.de\/index.php?rest_route=\/wp\/v2\/media\/32"}],"wp:attachment":[{"href":"https:\/\/ferienhaus-am-hundestrand.de\/index.php?rest_route=%2Fwp%2Fv2%2Fmedia&parent=7"}],"curies":[{"name":"wp","href":"https:\/\/api.w.org\/{rel}","templated":true}]}}